{"id":2415,"date":"2023-08-10T18:29:25","date_gmt":"2023-08-10T16:29:25","guid":{"rendered":"https:\/\/omadisa.net\/standardized-equipment\/"},"modified":"2023-08-10T18:29:25","modified_gmt":"2023-08-10T16:29:25","slug":"standardized-equipment","status":"publish","type":"page","link":"https:\/\/omadisa.net\/en\/standardized-equipment\/","title":{"rendered":"Standardized Equipment"},"content":{"rendered":"\t\t<div data-elementor-type=\"wp-page\" data-elementor-id=\"2415\" class=\"elementor elementor-2415 elementor-2338\" data-elementor-post-type=\"page\">\n\t\t\t\t\t\t\t\t\t<section class=\"elementor-section elementor-top-section elementor-element elementor-element-66dc5154 elementor-section-boxed elementor-section-height-default elementor-section-height-default\" data-id=\"66dc5154\" data-element_type=\"section\" data-settings=\"{&quot;background_background&quot;:&quot;classic&quot;,&quot;animation&quot;:&quot;none&quot;}\">\n\t\t\t\t\t\t\t<div class=\"elementor-background-overlay\"><\/div>\n\t\t\t\t\t\t\t<div class=\"elementor-container elementor-column-gap-default\">\n\t\t\t\t\t<div class=\"elementor-column elementor-col-50 elementor-top-column elementor-element elementor-element-1527c708\" data-id=\"1527c708\" data-element_type=\"column\">\n\t\t\t<div class=\"elementor-widget-wrap elementor-element-populated\">\n\t\t\t\t\t\t\t\t<section class=\"elementor-section elementor-inner-section elementor-element elementor-element-813a4fd elementor-section-boxed elementor-section-height-default elementor-section-height-default\" data-id=\"813a4fd\" data-element_type=\"section\">\n\t\t\t\t\t\t<div class=\"elementor-container elementor-column-gap-default\">\n\t\t\t\t\t<div class=\"elementor-column elementor-col-100 elementor-inner-column elementor-element elementor-element-1ef450e\" data-id=\"1ef450e\" data-element_type=\"column\">\n\t\t\t<div class=\"elementor-widget-wrap elementor-element-populated\">\n\t\t\t\t\t\t\t\t<div class=\"elementor-element elementor-element-ce695b5 elementor-widget elementor-widget-text-editor\" data-id=\"ce695b5\" data-element_type=\"widget\" data-widget_type=\"text-editor.default\">\n\t\t\t\t<div class=\"elementor-widget-container\">\n\t\t\t<style>\/*! elementor - v3.15.0 - 09-08-2023 *\/\n.elementor-widget-text-editor.elementor-drop-cap-view-stacked .elementor-drop-cap{background-color:#69727d;color:#fff}.elementor-widget-text-editor.elementor-drop-cap-view-framed .elementor-drop-cap{color:#69727d;border:3px solid;background-color:transparent}.elementor-widget-text-editor:not(.elementor-drop-cap-view-default) .elementor-drop-cap{margin-top:8px}.elementor-widget-text-editor:not(.elementor-drop-cap-view-default) .elementor-drop-cap-letter{width:1em;height:1em}.elementor-widget-text-editor .elementor-drop-cap{float:left;text-align:center;line-height:1;font-size:50px}.elementor-widget-text-editor .elementor-drop-cap-letter{display:inline-block}<\/style>\t\t\t\t<p>Equipos Normalizados<\/p>\t\t\t\t\t\t<\/div>\n\t\t\t\t<\/div>\n\t\t\t\t<div class=\"elementor-element elementor-element-8af0025 elementor-widget elementor-widget-text-editor\" data-id=\"8af0025\" data-element_type=\"widget\" data-widget_type=\"text-editor.default\">\n\t\t\t\t<div class=\"elementor-widget-container\">\n\t\t\t\t\t\t\t<p><a style=\"color: #fff;\" href=\"https:\/\/omadisa.net\/\">Inicio<\/a> &#8211; Equipos Normalizados<\/p>\t\t\t\t\t\t<\/div>\n\t\t\t\t<\/div>\n\t\t\t\t\t<\/div>\n\t\t<\/div>\n\t\t\t\t\t\t\t<\/div>\n\t\t<\/section>\n\t\t\t\t\t<\/div>\n\t\t<\/div>\n\t\t\t\t<div class=\"elementor-column elementor-col-50 elementor-top-column elementor-element elementor-element-61bdfa63 elementor-hidden-tablet elementor-hidden-phone\" data-id=\"61bdfa63\" data-element_type=\"column\">\n\t\t\t<div class=\"elementor-widget-wrap\">\n\t\t\t\t\t\t\t\t\t<\/div>\n\t\t<\/div>\n\t\t\t\t\t\t\t<\/div>\n\t\t<\/section>\n\t\t\t\t<section class=\"elementor-section elementor-top-section elementor-element elementor-element-f20657d elementor-section-height-min-height elementor-section-boxed elementor-section-height-default elementor-section-items-middle\" data-id=\"f20657d\" data-element_type=\"section\">\n\t\t\t\t\t\t\t<div class=\"elementor-background-overlay\"><\/div>\n\t\t\t\t\t\t\t<div class=\"elementor-container elementor-column-gap-default\">\n\t\t\t\t\t<div class=\"elementor-column elementor-col-50 elementor-top-column elementor-element elementor-element-d3cd5ee\" data-id=\"d3cd5ee\" data-element_type=\"column\">\n\t\t\t<div class=\"elementor-widget-wrap elementor-element-populated\">\n\t\t\t\t\t\t\t\t<div class=\"elementor-element elementor-element-2bdb721 elementor-widget elementor-widget-heading\" data-id=\"2bdb721\" data-element_type=\"widget\" data-widget_type=\"heading.default\">\n\t\t\t\t<div class=\"elementor-widget-container\">\n\t\t\t<style>\/*! elementor - v3.15.0 - 09-08-2023 *\/\n.elementor-heading-title{padding:0;margin:0;line-height:1}.elementor-widget-heading .elementor-heading-title[class*=elementor-size-]>a{color:inherit;font-size:inherit;line-height:inherit}.elementor-widget-heading .elementor-heading-title.elementor-size-small{font-size:15px}.elementor-widget-heading .elementor-heading-title.elementor-size-medium{font-size:19px}.elementor-widget-heading .elementor-heading-title.elementor-size-large{font-size:29px}.elementor-widget-heading .elementor-heading-title.elementor-size-xl{font-size:39px}.elementor-widget-heading .elementor-heading-title.elementor-size-xxl{font-size:59px}<\/style><div class=\"elementor-heading-title elementor-size-default\">Servicio de<\/div>\t\t<\/div>\n\t\t\t\t<\/div>\n\t\t\t\t<div class=\"elementor-element elementor-element-19db71c elementor-widget elementor-widget-heading\" data-id=\"19db71c\" data-element_type=\"widget\" data-settings=\"{&quot;_animation&quot;:&quot;none&quot;}\" data-widget_type=\"heading.default\">\n\t\t\t\t<div class=\"elementor-widget-container\">\n\t\t\t<h2 class=\"elementor-heading-title elementor-size-default\">EQUIPOS NORMALIZADOS<\/h2>\t\t<\/div>\n\t\t\t\t<\/div>\n\t\t\t\t<div class=\"elementor-element elementor-element-180e8a5 elementor-widget elementor-widget-heading\" data-id=\"180e8a5\" data-element_type=\"widget\" data-widget_type=\"heading.default\">\n\t\t\t\t<div class=\"elementor-widget-container\">\n\t\t\t<div class=\"elementor-heading-title elementor-size-default\">Omadisa desarrolla y produce equipos para control de calidad y ensayo de materiales de construcci\u00f3n (aceros, cer\u00e1micas, \u00e1ridos, suelos, asfaltos, cementos, hormigones) obra civil, y productos petrol\u00edferos.<\/br><\/br>\nEl programa de fabricaci\u00f3n cubre todas las \u00e1reas de acreditaci\u00f3n de laboratorios, de acuerdo con la normativa vigente.<\/div>\t\t<\/div>\n\t\t\t\t<\/div>\n\t\t\t\t\t<\/div>\n\t\t<\/div>\n\t\t\t\t<div class=\"elementor-column elementor-col-50 elementor-top-column elementor-element elementor-element-bf6ab21 elementor-hidden-tablet\" data-id=\"bf6ab21\" data-element_type=\"column\" data-settings=\"{&quot;background_background&quot;:&quot;classic&quot;}\">\n\t\t\t<div class=\"elementor-widget-wrap elementor-element-populated\">\n\t\t\t\t\t\t\t\t<div class=\"elementor-element elementor-element-cbca8db elementor-hidden-tablet elementor-hidden-phone elementor-widget-mobile__width-initial elementor-widget__width-inherit elementor-widget elementor-widget-image\" data-id=\"cbca8db\" data-element_type=\"widget\" data-widget_type=\"image.default\">\n\t\t\t\t<div class=\"elementor-widget-container\">\n\t\t\t<style>\/*! elementor - v3.15.0 - 09-08-2023 *\/\n.elementor-widget-image{text-align:center}.elementor-widget-image a{display:inline-block}.elementor-widget-image a img[src$=\".svg\"]{width:48px}.elementor-widget-image img{vertical-align:middle;display:inline-block}<\/style>\t\t\t\t\t\t\t\t\t\t\t\t<img loading=\"lazy\" decoding=\"async\" width=\"400\" height=\"400\" src=\"https:\/\/omadisa.net\/wp-content\/uploads\/2023\/08\/servicio-equipos-normalizados.jpg\" class=\"attachment-large size-large wp-image-2347\" alt=\"servicio equipos normalizados\" srcset=\"https:\/\/omadisa.net\/wp-content\/uploads\/2023\/08\/servicio-equipos-normalizados.jpg 400w, https:\/\/omadisa.net\/wp-content\/uploads\/2023\/08\/servicio-equipos-normalizados-300x300.jpg 300w, https:\/\/omadisa.net\/wp-content\/uploads\/2023\/08\/servicio-equipos-normalizados-150x150.jpg 150w\" sizes=\"auto, (max-width: 400px) 100vw, 400px\" \/>\t\t\t\t\t\t\t\t\t\t\t\t\t\t\t<\/div>\n\t\t\t\t<\/div>\n\t\t\t\t\t<\/div>\n\t\t<\/div>\n\t\t\t\t\t\t\t<\/div>\n\t\t<\/section>\n\t\t\t\t\t\t\t<\/div>\n\t\t","protected":false},"excerpt":{"rendered":"<p>Standardized Equipment Home &#8211; Standardized Equipment Service STANDARDIZED EQUIPMENT Omadisa develops and produces equipment for quality control and testing of construction materials (steels, ceramics, aggregates, soils, asphalts, cements, concretes), civil works and petroleum products. The manufacturing program covers all areas of laboratory accreditation in accordance with current regulations.<\/p>\n","protected":false},"author":1,"featured_media":0,"parent":0,"menu_order":0,"comment_status":"closed","ping_status":"closed","template":"elementor_header_footer","meta":{"footnotes":""},"class_list":["post-2415","page","type-page","status-publish","hentry"],"yoast_head":"<!-- This site is optimized with the Yoast SEO plugin v20.13 - https:\/\/yoast.com\/wordpress\/plugins\/seo\/ -->\r\n<title>Standardized Equipment - Omadisa Industrias del Laboratorio, s.a.<\/title>\r\n<meta name=\"description\" content=\"Omadisa develops and produces equipment for quality control and testing of construction materials, civil works and petroleum products.\" \/>\r\n<meta name=\"robots\" content=\"index, follow, max-snippet:-1, max-image-preview:large, max-video-preview:-1\" \/>\r\n<link rel=\"canonical\" href=\"https:\/\/omadisa.net\/en\/standardized-equipment\/\" \/>\r\n<meta property=\"og:locale\" content=\"en_US\" \/>\r\n<meta property=\"og:type\" content=\"article\" \/>\r\n<meta property=\"og:title\" content=\"Standardized Equipment - Omadisa Industrias del Laboratorio, s.a.\" \/>\r\n<meta property=\"og:description\" content=\"Omadisa develops and produces equipment for quality control and testing of construction materials, civil works and petroleum products.\" \/>\r\n<meta property=\"og:url\" content=\"https:\/\/omadisa.net\/en\/standardized-equipment\/\" \/>\r\n<meta property=\"og:site_name\" content=\"Omadisa Industrias del Laboratorio, s.a.\" \/>\r\n<meta property=\"og:image\" content=\"https:\/\/omadisa.net\/wp-content\/uploads\/2023\/08\/servicio-equipos-normalizados.jpg\" \/>\r\n<meta name=\"twitter:card\" content=\"summary_large_image\" \/>\r\n<script type=\"application\/ld+json\" class=\"yoast-schema-graph\">{\"@context\":\"https:\/\/schema.org\",\"@graph\":[{\"@type\":\"WebPage\",\"@id\":\"https:\/\/omadisa.net\/en\/standardized-equipment\/\",\"url\":\"https:\/\/omadisa.net\/en\/standardized-equipment\/\",\"name\":\"Standardized Equipment - Omadisa Industrias del Laboratorio, s.a.\",\"isPartOf\":{\"@id\":\"https:\/\/omadisa.net\/#website\"},\"datePublished\":\"2023-08-10T16:29:25+00:00\",\"dateModified\":\"2023-08-10T16:29:25+00:00\",\"description\":\"Omadisa develops and produces equipment for quality control and testing of construction materials, civil works and petroleum products.\",\"breadcrumb\":{\"@id\":\"https:\/\/omadisa.net\/en\/standardized-equipment\/#breadcrumb\"},\"inLanguage\":\"en-US\",\"potentialAction\":[{\"@type\":\"ReadAction\",\"target\":[\"https:\/\/omadisa.net\/en\/standardized-equipment\/\"]}]},{\"@type\":\"BreadcrumbList\",\"@id\":\"https:\/\/omadisa.net\/en\/standardized-equipment\/#breadcrumb\",\"itemListElement\":[{\"@type\":\"ListItem\",\"position\":1,\"name\":\"Portada\",\"item\":\"https:\/\/omadisa.net\/\"},{\"@type\":\"ListItem\",\"position\":2,\"name\":\"Standardized Equipment\"}]},{\"@type\":\"WebSite\",\"@id\":\"https:\/\/omadisa.net\/#website\",\"url\":\"https:\/\/omadisa.net\/\",\"name\":\"Omadisa Industrias del Laboratorio, s.a.\",\"description\":\"\",\"potentialAction\":[{\"@type\":\"SearchAction\",\"target\":{\"@type\":\"EntryPoint\",\"urlTemplate\":\"https:\/\/omadisa.net\/?s={search_term_string}\"},\"query-input\":\"required name=search_term_string\"}],\"inLanguage\":\"en-US\"}]}<\/script>\r\n<!-- \/ Yoast SEO plugin. -->","yoast_head_json":{"title":"Standardized Equipment - Omadisa Industrias del Laboratorio, s.a.","description":"Omadisa develops and produces equipment for quality control and testing of construction materials, civil works and petroleum products.","robots":{"index":"index","follow":"follow","max-snippet":"max-snippet:-1","max-image-preview":"max-image-preview:large","max-video-preview":"max-video-preview:-1"},"canonical":"https:\/\/omadisa.net\/en\/standardized-equipment\/","og_locale":"en_US","og_type":"article","og_title":"Standardized Equipment - Omadisa Industrias del Laboratorio, s.a.","og_description":"Omadisa develops and produces equipment for quality control and testing of construction materials, civil works and petroleum products.","og_url":"https:\/\/omadisa.net\/en\/standardized-equipment\/","og_site_name":"Omadisa Industrias del Laboratorio, s.a.","og_image":[{"url":"https:\/\/omadisa.net\/wp-content\/uploads\/2023\/08\/servicio-equipos-normalizados.jpg"}],"twitter_card":"summary_large_image","schema":{"@context":"https:\/\/schema.org","@graph":[{"@type":"WebPage","@id":"https:\/\/omadisa.net\/en\/standardized-equipment\/","url":"https:\/\/omadisa.net\/en\/standardized-equipment\/","name":"Standardized Equipment - Omadisa Industrias del Laboratorio, s.a.","isPartOf":{"@id":"https:\/\/omadisa.net\/#website"},"datePublished":"2023-08-10T16:29:25+00:00","dateModified":"2023-08-10T16:29:25+00:00","description":"Omadisa develops and produces equipment for quality control and testing of construction materials, civil works and petroleum products.","breadcrumb":{"@id":"https:\/\/omadisa.net\/en\/standardized-equipment\/#breadcrumb"},"inLanguage":"en-US","potentialAction":[{"@type":"ReadAction","target":["https:\/\/omadisa.net\/en\/standardized-equipment\/"]}]},{"@type":"BreadcrumbList","@id":"https:\/\/omadisa.net\/en\/standardized-equipment\/#breadcrumb","itemListElement":[{"@type":"ListItem","position":1,"name":"Portada","item":"https:\/\/omadisa.net\/"},{"@type":"ListItem","position":2,"name":"Standardized Equipment"}]},{"@type":"WebSite","@id":"https:\/\/omadisa.net\/#website","url":"https:\/\/omadisa.net\/","name":"Omadisa Industrias del Laboratorio, s.a.","description":"","potentialAction":[{"@type":"SearchAction","target":{"@type":"EntryPoint","urlTemplate":"https:\/\/omadisa.net\/?s={search_term_string}"},"query-input":"required name=search_term_string"}],"inLanguage":"en-US"}]}},"_links":{"self":[{"href":"https:\/\/omadisa.net\/en\/wp-json\/wp\/v2\/pages\/2415","targetHints":{"allow":["GET"]}}],"collection":[{"href":"https:\/\/omadisa.net\/en\/wp-json\/wp\/v2\/pages"}],"about":[{"href":"https:\/\/omadisa.net\/en\/wp-json\/wp\/v2\/types\/page"}],"author":[{"embeddable":true,"href":"https:\/\/omadisa.net\/en\/wp-json\/wp\/v2\/users\/1"}],"replies":[{"embeddable":true,"href":"https:\/\/omadisa.net\/en\/wp-json\/wp\/v2\/comments?post=2415"}],"version-history":[{"count":0,"href":"https:\/\/omadisa.net\/en\/wp-json\/wp\/v2\/pages\/2415\/revisions"}],"wp:attachment":[{"href":"https:\/\/omadisa.net\/en\/wp-json\/wp\/v2\/media?parent=2415"}],"curies":[{"name":"wp","href":"https:\/\/api.w.org\/{rel}","templated":true}]}}